{"id":1606,"date":"2022-06-29T11:56:08","date_gmt":"2022-06-29T09:56:08","guid":{"rendered":"http:\/\/lab-interactivitat.recursos.uoc.edu\/?page_id=1606"},"modified":"2022-06-29T11:56:08","modified_gmt":"2022-06-29T09:56:08","slug":"1-1-7-musica-y-sonidos","status":"publish","type":"page","link":"http:\/\/lab-interactivitat.recursos.uoc.edu\/es\/1-1-7-musica-y-sonidos\/","title":{"rendered":"1.1.7. M\u00fasica y sonidos"},"content":{"rendered":"<ul>\n<li><strong>Ejercicio 16. Jugamos a hacer m\u00fasica<\/strong><\/li>\n<\/ul>\n<p>En el<a href=\"http:\/\/quadern-tpi.recursos.uoc.edu\/es\/\" target=\"_blank\" rel=\"noopener noreferrer\"><em> Cuaderno de programaci\u00f3n e interacci\u00f3n<\/em><\/a> hay alg\u00fan ejercicio y ejemplo donde se usan algunos de los bloques de sonido de Snap!. Pero hay muchos m\u00e1s bloques de sonido y, adem\u00e1s de tocar notas, tambi\u00e9n pod\u00e9is grabar vuestros propios sonidos y voces (id a sonidos y pulsad el bot\u00f3n rojo) o importar sonidos, voces y canciones que teng\u00e1is en mp3 (clicad sonidos y arrastrad vuestros ficheros de sonido dentro de aquella \u00e1rea).<\/p>\n<p>Este es un ejercicio libre. Probad a importar sonidos y grabar, y despu\u00e9s jugad a hacer un programa que utilice bloques de sonido y los combine con bucles, condicionales, etc.<\/p>\n<ul>\n<li><strong>Ejercicio 17. Sonidos, disfraces y condicionales<\/strong><\/li>\n<\/ul>\n<p>Repetid el ejercicio 15, pero ahora adem\u00e1s de cambiar la imagen de la cara (alegre o triste) en funci\u00f3n de si el puntero del rat\u00f3n la toca o no, haced que tambi\u00e9n emita un sonido o una m\u00fasica que represente la alegr\u00eda, cuando la cara est\u00e1 alegre, y la tristeza, cuando la cara est\u00e1 triste.<\/p>\n","protected":false},"excerpt":{"rendered":"<p>Ejercicio 16. Jugamos a hacer m\u00fasica En el Cuaderno de programaci\u00f3n e interacci\u00f3n hay alg\u00fan ejercicio y ejemplo donde se usan algunos de los bloques de sonido de Snap!. Pero hay muchos m\u00e1s bloques de sonido y, adem\u00e1s de tocar notas, tambi\u00e9n pod\u00e9is grabar vuestros propios sonidos y voces (id a sonidos y pulsad el [&hellip;]<\/p>\n","protected":false},"author":2,"featured_media":0,"parent":0,"menu_order":0,"comment_status":"closed","ping_status":"closed","template":"","meta":{"inline_featured_image":false,"footnotes":""},"class_list":["post-1606","page","type-page","status-publish","hentry"],"acf":[],"_links":{"self":[{"href":"http:\/\/lab-interactivitat.recursos.uoc.edu\/es\/wp-json\/wp\/v2\/pages\/1606","targetHints":{"allow":["GET"]}}],"collection":[{"href":"http:\/\/lab-interactivitat.recursos.uoc.edu\/es\/wp-json\/wp\/v2\/pages"}],"about":[{"href":"http:\/\/lab-interactivitat.recursos.uoc.edu\/es\/wp-json\/wp\/v2\/types\/page"}],"author":[{"embeddable":true,"href":"http:\/\/lab-interactivitat.recursos.uoc.edu\/es\/wp-json\/wp\/v2\/users\/2"}],"replies":[{"embeddable":true,"href":"http:\/\/lab-interactivitat.recursos.uoc.edu\/es\/wp-json\/wp\/v2\/comments?post=1606"}],"version-history":[{"count":1,"href":"http:\/\/lab-interactivitat.recursos.uoc.edu\/es\/wp-json\/wp\/v2\/pages\/1606\/revisions"}],"predecessor-version":[{"id":1607,"href":"http:\/\/lab-interactivitat.recursos.uoc.edu\/es\/wp-json\/wp\/v2\/pages\/1606\/revisions\/1607"}],"wp:attachment":[{"href":"http:\/\/lab-interactivitat.recursos.uoc.edu\/es\/wp-json\/wp\/v2\/media?parent=1606"}],"curies":[{"name":"wp","href":"https:\/\/api.w.org\/{rel}","templated":true}]}}