{"id":1598,"date":"2022-06-29T11:54:30","date_gmt":"2022-06-29T09:54:30","guid":{"rendered":"http:\/\/lab-interactivitat.recursos.uoc.edu\/?page_id=1598"},"modified":"2022-06-29T11:54:30","modified_gmt":"2022-06-29T09:54:30","slug":"1-1-3-paralelismo","status":"publish","type":"page","link":"http:\/\/lab-interactivitat.recursos.uoc.edu\/es\/1-1-3-paralelismo\/","title":{"rendered":"1.1.3. Paralelismo"},"content":{"rendered":"<ul>\n<li><strong>Ejercicio 7. Paralelismo con dos personajes<\/strong><\/li>\n<\/ul>\n<p>En el reto 1 del <a href=\"http:\/\/quadern-tpi.recursos.uoc.edu\/es\/1-4-10-parallelisme\" target=\"_blank\" rel=\"noopener noreferrer\"><em>Cuaderno de programaci\u00f3n e interacci\u00f3n<\/em><\/a> se explica qu\u00e9 es el paralelismo. Os pedimos que cre\u00e9is dos personajes dentro de un proyecto Snap! y que hag\u00e1is que funcionen en paralelo cuando puls\u00e9is la tecla espacio. Uno tiene que dibujar un cuadrado, y el otro, un tri\u00e1ngulo, los dos al mismo tiempo.<\/p>\n<ul>\n<li><strong>Ejercicio 8. Paralelismo dentro de un mismo personaje<\/strong><\/li>\n<\/ul>\n<p>El paralelismo no solo se puede crear entre personajes que hacen acciones simult\u00e1neamente, sino tambi\u00e9n dentro de un mismo personaje, mediante diferentes programas que se activan con un mismo acontecimiento.<\/p>\n<p>Os pedimos que cre\u00e9is un personaje que tenga dos programas que se activen con la bandera verde. El primer programa tiene que hacer que el personaje se mueva por el escenario, siguiendo la trayectoria que quer\u00e1is. El otro programa tiene que hacer que el personaje hable y vaya explicando cosas (usando el bloque \u00abdecir por <em>X<\/em> segundos\u00bb).<\/p>\n","protected":false},"excerpt":{"rendered":"<p>Ejercicio 7. Paralelismo con dos personajes En el reto 1 del Cuaderno de programaci\u00f3n e interacci\u00f3n se explica qu\u00e9 es el paralelismo. Os pedimos que cre\u00e9is dos personajes dentro de un proyecto Snap! y que hag\u00e1is que funcionen en paralelo cuando puls\u00e9is la tecla espacio. Uno tiene que dibujar un cuadrado, y el otro, un [&hellip;]<\/p>\n","protected":false},"author":2,"featured_media":0,"parent":0,"menu_order":0,"comment_status":"closed","ping_status":"closed","template":"","meta":{"inline_featured_image":false,"footnotes":""},"class_list":["post-1598","page","type-page","status-publish","hentry"],"acf":[],"_links":{"self":[{"href":"http:\/\/lab-interactivitat.recursos.uoc.edu\/es\/wp-json\/wp\/v2\/pages\/1598","targetHints":{"allow":["GET"]}}],"collection":[{"href":"http:\/\/lab-interactivitat.recursos.uoc.edu\/es\/wp-json\/wp\/v2\/pages"}],"about":[{"href":"http:\/\/lab-interactivitat.recursos.uoc.edu\/es\/wp-json\/wp\/v2\/types\/page"}],"author":[{"embeddable":true,"href":"http:\/\/lab-interactivitat.recursos.uoc.edu\/es\/wp-json\/wp\/v2\/users\/2"}],"replies":[{"embeddable":true,"href":"http:\/\/lab-interactivitat.recursos.uoc.edu\/es\/wp-json\/wp\/v2\/comments?post=1598"}],"version-history":[{"count":2,"href":"http:\/\/lab-interactivitat.recursos.uoc.edu\/es\/wp-json\/wp\/v2\/pages\/1598\/revisions"}],"predecessor-version":[{"id":1785,"href":"http:\/\/lab-interactivitat.recursos.uoc.edu\/es\/wp-json\/wp\/v2\/pages\/1598\/revisions\/1785"}],"wp:attachment":[{"href":"http:\/\/lab-interactivitat.recursos.uoc.edu\/es\/wp-json\/wp\/v2\/media?parent=1598"}],"curies":[{"name":"wp","href":"https:\/\/api.w.org\/{rel}","templated":true}]}}