{"id":1594,"date":"2022-06-29T11:53:38","date_gmt":"2022-06-29T09:53:38","guid":{"rendered":"http:\/\/lab-interactivitat.recursos.uoc.edu\/?page_id=1594"},"modified":"2022-06-29T11:53:38","modified_gmt":"2022-06-29T09:53:38","slug":"1-1-11-listas-de-datos","status":"publish","type":"page","link":"http:\/\/lab-interactivitat.recursos.uoc.edu\/es\/1-1-11-listas-de-datos\/","title":{"rendered":"1.1.11. Listas de datos"},"content":{"rendered":"<ul>\n<li><strong>Ejercicio 22. Listas de palabras y aleatoriedad <\/strong><\/li>\n<\/ul>\n<p>En el reto 5 del <a href=\"http:\/\/quadern-tpi.recursos.uoc.edu\/es\/5-4-2-exercici-1-lletrisme-i-espacialisme-amb-snap\/\" target=\"_blank\" rel=\"noopener noreferrer\"><em>Cuaderno de programaci\u00f3n e interacci\u00f3n <\/em><\/a>se habla de listas y se utilizan ejemplos de poes\u00eda.<\/p>\n<p>En este ejercicio os pedimos que hag\u00e1is un bucle con 10 repeticiones, en el que a cada vuelta pregunt\u00e9is una palabra al usuario (la tiene que entrar por el teclado), y las vay\u00e1is guardando en una lista que habr\u00e9is creado previamente.<\/p>\n<p>Una vez acabado este proceso, haced que el personaje \u00abpor siempre\u00bb vaya escribiendo las palabras en pantalla (con lo \u00abdecir\u00bb), escogi\u00e9ndolas aleatoriamente de la lista, y mostr\u00e1ndolas solo un segundo cada una.<\/p>\n<p>Aqu\u00ed ten\u00e9is la soluci\u00f3n. Modificadla para que, en lugar de ir mostrando las palabras en orden aleatorio, lo haga en el mismo orden en el que han sido guardadas en la lista.<\/p>\n<p><img loading=\"lazy\" decoding=\"async\" class=\"aligncenter size-full wp-image-459\" src=\"\/wp-content\/uploads\/sites\/12\/2019\/11\/e20.png\" alt=\"\" width=\"465\" height=\"234\" \/><\/p>\n","protected":false},"excerpt":{"rendered":"<p>Ejercicio 22. Listas de palabras y aleatoriedad En el reto 5 del Cuaderno de programaci\u00f3n e interacci\u00f3n se habla de listas y se utilizan ejemplos de poes\u00eda. En este ejercicio os pedimos que hag\u00e1is un bucle con 10 repeticiones, en el que a cada vuelta pregunt\u00e9is una palabra al usuario (la tiene que entrar por [&hellip;]<\/p>\n","protected":false},"author":2,"featured_media":0,"parent":0,"menu_order":0,"comment_status":"closed","ping_status":"closed","template":"","meta":{"inline_featured_image":false,"footnotes":""},"class_list":["post-1594","page","type-page","status-publish","hentry"],"acf":[],"_links":{"self":[{"href":"http:\/\/lab-interactivitat.recursos.uoc.edu\/es\/wp-json\/wp\/v2\/pages\/1594","targetHints":{"allow":["GET"]}}],"collection":[{"href":"http:\/\/lab-interactivitat.recursos.uoc.edu\/es\/wp-json\/wp\/v2\/pages"}],"about":[{"href":"http:\/\/lab-interactivitat.recursos.uoc.edu\/es\/wp-json\/wp\/v2\/types\/page"}],"author":[{"embeddable":true,"href":"http:\/\/lab-interactivitat.recursos.uoc.edu\/es\/wp-json\/wp\/v2\/users\/2"}],"replies":[{"embeddable":true,"href":"http:\/\/lab-interactivitat.recursos.uoc.edu\/es\/wp-json\/wp\/v2\/comments?post=1594"}],"version-history":[{"count":1,"href":"http:\/\/lab-interactivitat.recursos.uoc.edu\/es\/wp-json\/wp\/v2\/pages\/1594\/revisions"}],"predecessor-version":[{"id":1595,"href":"http:\/\/lab-interactivitat.recursos.uoc.edu\/es\/wp-json\/wp\/v2\/pages\/1594\/revisions\/1595"}],"wp:attachment":[{"href":"http:\/\/lab-interactivitat.recursos.uoc.edu\/es\/wp-json\/wp\/v2\/media?parent=1594"}],"curies":[{"name":"wp","href":"https:\/\/api.w.org\/{rel}","templated":true}]}}